{"id":368,"date":"2016-07-29T12:11:55","date_gmt":"2016-07-29T10:11:55","guid":{"rendered":"https:\/\/www.hotelcapanni.com\/pagina-di-esempio\/"},"modified":"2025-08-27T09:47:03","modified_gmt":"2025-08-27T07:47:03","slug":"pagina-di-esempio","status":"publish","type":"page","link":"https:\/\/www.hotelcapanni.com\/de\/","title":{"rendered":"Capanni Hotel 3 Sterne Superior Hotel in Bellaria"},"content":{"rendered":"<h2>Das Hotel Capanni liegt direkt am Privatstrand, den man ohne Stra\u00dfen\u00fcberquerung erreicht. Es ist von einem gro\u00dfen, gepflegten Garten umgeben<\/h2>\n<p>Das Hotel ist vor kurzem erneuert worden und verfuegt \u00fcber <strong>Klimaanlage in allen Zimmern<\/strong>. Das Hotel liegt in der Italia Strasse <strong>direct am Meer<\/strong> <strong>und diese ruhige und leise Position<\/strong> ist besonders geeignet f\u00fcr einen erholsamen und entspannenden Urlaub. Das Hotel hat auch <strong>Fahrraeder f\u00fcr die Kunden<\/strong> um im Nachmittag und am Abend zum Spazieren fahren.<\/p>\n<p>Das <strong>Restaurant vom Hotel schl\u00e4gt jeden Tag reiche Gerichte vor<\/strong>, die von Fisch und Fleischspezialit\u00e4ten der <strong>typischen romagnolischer K\u00fcche<\/strong> gefolt werden, ein Gem\u00fcse Buffet, Zurspeisen, frische salate, kleine Vorspeise, Obst Buffet und Dessert.<\/p>\n<p>Un <strong>f\u00fcr Kinder<\/strong> <strong>Hier werdet ihr alle Bequemlichkeiten von zu Hause finden<\/strong>, von den Wiegen zum Armsthul und alles was notwendig ist um den Aufenthalt von euren Kindern bequem zu machen. Usere <strong>K\u00fcche und der K\u00fcchenchef sind f\u00fcr die kleinsten sehr flexible<\/strong> mit den Uhrzeiten und mit den Mahlzeiten damit alle Mutter befriedigt werden.<\/p>\n<p>Wir wissen wie vie les wichtig ist euch mit einem L\u00e4cheln zu empfangen um euch sofort zu Hause zu f\u00fchlen lassen.<\/p>\n<p><em><strong>Von der Familie Bacchereti ein herzliches Willkommen im Hotel Capanni.<\/strong><\/em><\/p>\n","protected":false},"excerpt":{"rendered":"<p>Das Hotel Capanni liegt direkt am Privatstrand, den man ohne Stra\u00dfen\u00fcberquerung erreicht. Es ist von einem gro\u00dfen, gepflegten Garten umgeben Das Hotel ist vor kurzem erneuert worden und verfuegt \u00fcber Klimaanlage in allen Zimmern. Das Hotel liegt in der Italia Strasse direct am Meer und diese ruhige und leise Position ist besonders geeignet f\u00fcr einen erholsamen und entspannenden Urlaub. Das Hotel hat auch Fahrraeder f\u00fcr die Kunden um im Nachmittag &#8230;<\/p>\n","protected":false},"author":1,"featured_media":185,"parent":0,"menu_order":0,"comment_status":"closed","ping_status":"open","template":"","meta":{"_acf_changed":false},"class_list":["post-368","page","type-page","status-publish","has-post-thumbnail","hentry"],"acf":[],"_links":{"self":[{"href":"https:\/\/www.hotelcapanni.com\/de\/wp-json\/wp\/v2\/pages\/368","targetHints":{"allow":["GET"]}}],"collection":[{"href":"https:\/\/www.hotelcapanni.com\/de\/wp-json\/wp\/v2\/pages"}],"about":[{"href":"https:\/\/www.hotelcapanni.com\/de\/wp-json\/wp\/v2\/types\/page"}],"author":[{"embeddable":true,"href":"https:\/\/www.hotelcapanni.com\/de\/wp-json\/wp\/v2\/users\/1"}],"replies":[{"embeddable":true,"href":"https:\/\/www.hotelcapanni.com\/de\/wp-json\/wp\/v2\/comments?post=368"}],"version-history":[{"count":0,"href":"https:\/\/www.hotelcapanni.com\/de\/wp-json\/wp\/v2\/pages\/368\/revisions"}],"wp:featuredmedia":[{"embeddable":true,"href":"https:\/\/www.hotelcapanni.com\/de\/wp-json\/wp\/v2\/media\/185"}],"wp:attachment":[{"href":"https:\/\/www.hotelcapanni.com\/de\/wp-json\/wp\/v2\/media?parent=368"}],"curies":[{"name":"wp","href":"https:\/\/api.w.org\/{rel}","templated":true}]}}