{"id":508,"date":"2016-07-29T12:11:55","date_gmt":"2016-07-29T10:11:55","guid":{"rendered":"https:\/\/www.hotelcapanni.com\/pagina-di-esempio\/"},"modified":"2025-08-27T09:47:36","modified_gmt":"2025-08-27T07:47:36","slug":"pagina-di-esempio","status":"publish","type":"page","link":"https:\/\/www.hotelcapanni.com\/fr\/","title":{"rendered":"H\u00f4tel Capanni \u00e0 Bellaria 3 \u00e9toiles sup\u00e9rieur directement sur la mer"},"content":{"rendered":"<h2>H\u00d4TEL CAPANNI AVEC GRANDE PISCINE ET PLAGE PRIV\u00c9E SANS ROUTES \u00c0 TRAVERSER<\/h2>\n<p>L&rsquo;<strong>H\u00f4tel Capanni 3 \u00e9toiles sup\u00e9rieur \u00e0 Bellaria<\/strong> est aujourd&rsquo;hui la fiert\u00e9 de la famille BACCHERETI, qui a fortement voulu porter \u00e0 acheminement un projet de <strong>r\u00e9am\u00e9nagement et de restylage<\/strong> pour mieux r\u00e9pondre aux demandes de ses clients et offrir encore plus de services.<\/p>\n<p>Le go\u00fbt classique du mobilier dans les espaces communs, frais, lumineux et fonctionnel pour les chambres, a<br \/>\ndonn\u00e9 plus de style \u00e0 l&rsquo;ensemble de la structure, faisant du <strong>Capanni l&rsquo;un des h\u00f4tels les plus prestigieux de Bellaria<\/strong>, tout en continuant \u00e0 garantir \u00e0 ses clients une excellente qualit\u00e9. <strong>rapport qualit\u00e9 prix.<\/strong><\/p>\n<p>L&rsquo;h\u00f4tel b\u00e9n\u00e9ficie d&rsquo;un<strong> excellent emplacement<\/strong>, vraiment splendide: <a href=\"https:\/\/www.hotelcapanni.com\/fr\/directement-sur-la-mer\" target=\"_blank\" rel=\"noopener\"><strong>directement sur la mer<\/strong><\/a> sans route \u00e0 traverser et dans un quartier calme de Bellaria. Id\u00e9al pour des vacances \u00e0 la plage avec des enfants ou pour un s\u00e9jour en couple loin du chaos!<\/p>\n<p>Le matin, apr\u00e8s un copieux <strong>petit-d\u00e9jeuner buffet<\/strong>, quittez le <strong>restaurant<\/strong> et vous \u00eates imm\u00e9diatement face \u00e0 la mer.<br \/>\nUne excellente fa\u00e7on de commencer une journ\u00e9e non?!<\/p>\n<p>En face de l&rsquo;h\u00f4tel, il y a la <strong>plage priv\u00e9e<\/strong> de l&rsquo;h\u00f4tel disponible pour les clients, avec des parasols et des chaises longues, mais il y a aussi une <strong>plage conventionn\u00e9e<\/strong> pour ceux qui veulent rester plus pr\u00e8s du rivage ou simplement aimer se faire de nouveaux amis et discuter sous le parasol.<\/p>\n<p>La <a href=\"https:\/\/www.hotelcapanni.com\/fr\/splendie-piscine-et-plage-privee-de-lhotel\/\" target=\"_blank\" rel=\"noopener\">piscine<\/a> de l\u2019h\u00f4tel Capanni est grande, \u00e9quip\u00e9e d&rsquo;un plongeoir et d&rsquo;un fond de diff\u00e9rentes hauteurs et id\u00e9ale pour ceux qui aiment faire un plongeon \u00e0 tout moment et <strong>divertir les enfants<\/strong>, tandis que les adultes profitent du <strong>soleil \u00e0 tout moment<\/strong>. L&rsquo;espace solarium autour de la piscine est en <strong>effet ensoleill\u00e9 toute la journ\u00e9e<\/strong>, et \u00e9galement \u00e9quip\u00e9 de transats confortables et moelleux ou de <strong>fauteuils<\/strong> et<strong> parasols<\/strong> pour des moments de pause apr\u00e8s le bronzage. Pour ceux qui veulent un moment de d\u00e9tente compl\u00e8te, \u00e9galement dans la zone solarium, il y a un <strong>bain \u00e0 remous 6 places<\/strong>.<\/p>\n<p>Tous les espaces communs de l&rsquo;H\u00f4tel Capanni sont enti\u00e8rement <strong>climatis\u00e9s et la climatisation dans la chambre est autonome<\/strong>, pour contenter ceux qui ont une id\u00e9e tr\u00e8s personnelle de la chaleur et de la fra\u00eecheur!<\/p>\n<p>Chaque <a href=\"https:\/\/www.hotelcapanni.com\/fr\/camere\/nos-chambres\/\" target=\"_blank\" rel=\"noopener\">chambre<\/a>, en plus de la <strong>climatisation<\/strong>, est \u00e9quip\u00e9e d&rsquo;une salle de bain priv\u00e9e, d&rsquo;un <strong>balcon<\/strong> pour profiter de la <strong>brise marine<\/strong>, d&rsquo;une vue frontale ou lat\u00e9rale sur la mer ou sur la piscine, d&rsquo;une <strong>connexion wi-fi gratuite et de la t\u00e9l\u00e9vision par satellite, ainsi que de tout le confort pour le reste de toute la famille<\/strong>.<\/p>\n<p>Au <strong>restaurant<\/strong>, en plus de profiter de la brise marine qui entre par les grandes fen\u00eatres, chaque jour, ceux qui aiment manger trouveront un large choix de plats, <strong>il y<\/strong> <strong>a 3 menus au choix<\/strong>, \u00e9videmment il ne manque pas de <strong>cuisine romagnole traditionnelle<\/strong> et de produits frais , p\u00e2tes et desserts maison, <strong>ainsi que des menus enfants qui satisferont m\u00eame les mamans les plus exigeantes<\/strong>.<\/p>\n<p>Enfin, l&rsquo;H\u00f4tel Capanni propose \u00e0 ses clients: <strong>parking, piscine, v\u00e9los, plage priv\u00e9e gratuite et wi-fi gratuit<\/strong> dans tout l&rsquo;h\u00f4tel.<\/p>\n","protected":false},"excerpt":{"rendered":"<p>H\u00d4TEL CAPANNI AVEC GRANDE PISCINE ET PLAGE PRIV\u00c9E SANS ROUTES \u00c0 TRAVERSER L&rsquo;H\u00f4tel Capanni 3 \u00e9toiles sup\u00e9rieur \u00e0 Bellaria est aujourd&rsquo;hui la fiert\u00e9 de la famille BACCHERETI, qui a fortement voulu porter \u00e0 acheminement un projet de r\u00e9am\u00e9nagement et de restylage pour mieux r\u00e9pondre aux demandes de ses clients et offrir encore plus de services. Le go\u00fbt classique du mobilier dans les espaces communs, frais, lumineux et fonctionnel pour les &#8230;<\/p>\n","protected":false},"author":1,"featured_media":720,"parent":0,"menu_order":0,"comment_status":"closed","ping_status":"open","template":"","meta":{"_acf_changed":false},"class_list":["post-508","page","type-page","status-publish","has-post-thumbnail","hentry"],"acf":[],"_links":{"self":[{"href":"https:\/\/www.hotelcapanni.com\/fr\/wp-json\/wp\/v2\/pages\/508","targetHints":{"allow":["GET"]}}],"collection":[{"href":"https:\/\/www.hotelcapanni.com\/fr\/wp-json\/wp\/v2\/pages"}],"about":[{"href":"https:\/\/www.hotelcapanni.com\/fr\/wp-json\/wp\/v2\/types\/page"}],"author":[{"embeddable":true,"href":"https:\/\/www.hotelcapanni.com\/fr\/wp-json\/wp\/v2\/users\/1"}],"replies":[{"embeddable":true,"href":"https:\/\/www.hotelcapanni.com\/fr\/wp-json\/wp\/v2\/comments?post=508"}],"version-history":[{"count":0,"href":"https:\/\/www.hotelcapanni.com\/fr\/wp-json\/wp\/v2\/pages\/508\/revisions"}],"wp:featuredmedia":[{"embeddable":true,"href":"https:\/\/www.hotelcapanni.com\/fr\/wp-json\/wp\/v2\/media\/720"}],"wp:attachment":[{"href":"https:\/\/www.hotelcapanni.com\/fr\/wp-json\/wp\/v2\/media?parent=508"}],"curies":[{"name":"wp","href":"https:\/\/api.w.org\/{rel}","templated":true}]}}