{"id":531,"date":"2016-08-01T14:55:13","date_gmt":"2016-08-01T12:55:13","guid":{"rendered":"https:\/\/www.hotelcapanni.com\/tariffe\/"},"modified":"2025-01-10T18:43:06","modified_gmt":"2025-01-10T17:43:06","slug":"tarifs","status":"publish","type":"page","link":"https:\/\/www.hotelcapanni.com\/fr\/tarifs\/","title":{"rendered":"Prix 2025"},"content":{"rendered":"<p><span class=\"VIiyi\" lang=\"fr\"><span class=\"JLqJ4b ChMk0b\" data-language-for-alternatives=\"fr\" data-language-to-translate-into=\"de\" data-phrase-index=\"0\" data-number-of-phrases=\"1\">L&rsquo;H\u00f4tel Capanni, un h\u00f4tel 3 \u00e9toiles sup\u00e9rieur \u00e0 Bellaria Igea Marina, pour de vraies vacances tout compris !<\/span><\/span><\/p>\n<p><strong>La pension compl\u00e8te comprend:<\/strong><\/p>\n<ul>\n<li><strong>Petit-d\u00e9jeuner buffet<\/strong>, d\u00e9jeuner et d\u00eener tr\u00e8s raffin\u00e9s avec service \u00e0 table (choix de menu 5 plats), buffet<br \/>\nde l\u00e9gumes, accompagnements et salades fra\u00eeches, petits ap\u00e9ritifs, buffet de fruits et <strong>d\u00e9licieux desserts<\/strong>.<\/li>\n<\/ul>\n<ul>\n<li><span class=\"VIiyi\" lang=\"fr\"><span class=\"JLqJ4b ChMk0b\" data-language-for-alternatives=\"fr\" data-language-to-translate-into=\"it\" data-phrase-index=\"0\" data-number-of-phrases=\"1\"><strong>Boissons comprises<\/strong> aux repas sans limitation (eau, vin, soda \u00e0 l&rsquo;orange, limonade, cola )<\/span><\/span><\/li>\n<\/ul>\n<p><strong><span class=\"VIiyi\" lang=\"fr\"><span class=\"JLqJ4b ChMk0b\" data-language-for-alternatives=\"fr\" data-language-to-translate-into=\"de\" data-phrase-index=\"0\" data-number-of-phrases=\"3\">Notre h\u00f4tel vous offre gratuitement :<\/span> <\/span><\/strong><\/p>\n<ul style=\"list-style-type: disc;\">\n<li><span class=\"VIiyi\" lang=\"fr\"><span class=\"JLqJ4b ChMk0b\" data-language-for-alternatives=\"fr\" data-language-to-translate-into=\"de\" data-phrase-index=\"2\" data-number-of-phrases=\"3\">Ascenseur, bar, v\u00e9los pour les clients avec places de parking, massage au jet d&rsquo;eau avec eau chaude 30\u00b0, piscine, parking, salle TV, wi-fi&lt;\/li&gt;<\/span><\/span><\/li>\n<\/ul>\n<p><strong><span class=\"VIiyi\" lang=\"fr\"><span class=\"JLqJ4b ChMk0b\" data-language-for-alternatives=\"fr\" data-language-to-translate-into=\"de\" data-phrase-index=\"0\" data-number-of-phrases=\"3\">Dans toutes les chambres, vous trouverez :<\/span> <\/span><\/strong><\/p>\n<ul style=\"list-style-type: disc;\">\n<li><span class=\"VIiyi\" lang=\"fr\"><span class=\"JLqJ4b ChMk0b\" data-language-for-alternatives=\"fr\" data-language-to-translate-into=\"de\" data-phrase-index=\"2\" data-number-of-phrases=\"3\">Chambres r\u00e9nov\u00e9es, climatisation, chauffage, TV avec r\u00e9ception satellite, coffre-fort, cabine de douche dans la salle de bain, internet, balcon.<\/span><\/span><\/li>\n<\/ul>\n<p>&nbsp;<\/p>\n<p><span class=\"VIiyi\" lang=\"fr\"><span class=\"JLqJ4b ChMk0b\" data-language-for-alternatives=\"fr\" data-language-to-translate-into=\"de\" data-phrase-index=\"0\" data-number-of-phrases=\"2\">L&rsquo;h\u00f4tel Capanni\u00a0 <strong>supprime la liste des prix<\/strong> fin que le prix de l&rsquo;offre pour vos vacances puisse \u00eatre inf\u00e9rieur ou sup\u00e9rieur en fonction de la date de s\u00e9jour choisie et du mois au cours duquel vous effectuez votre r\u00e9servation.<\/span> <span class=\"JLqJ4b ChMk0b\" data-language-for-alternatives=\"fr\" data-language-to-translate-into=\"de\" data-phrase-index=\"1\" data-number-of-phrases=\"2\">Vous serez inform\u00e9 du prix de vos vacances \u00e0 tout moment par t\u00e9l\u00e9phone, email ou lors de la r\u00e9servation en ligne.<\/span><\/span><\/p>\n<h2>R\u00e9duction pour les enfants dans les chambres avec 2 adultes:<\/h2>\n<ul>\n<li>Enfants de 0 \u00e0 2 ans gratuit<\/li>\n<li>Enfants de 2 \u00e0 4 ans 50% de r\u00e9duction<\/li>\n<li>Enfants de 5 \u00e0 10 ans 30% de r\u00e9duction<\/li>\n<li>Enfants de 11 \u00e0 14 ans 20% de r\u00e9duction<\/li>\n<\/ul>\n<h4>Plan sp\u00e9cial famille 2 + 2 = 3 \u00e0 14 ans (en chambre \u00e0 4 lits)<\/h4>\n<p><strong>Demi-pension <\/strong>r\u00e9duction de 5 \u20ac par jour et par personne<\/p>\n<h2><span class=\"VIiyi\" lang=\"fr\"><span class=\"JLqJ4b ChMk0b\" data-language-for-alternatives=\"fr\" data-language-to-translate-into=\"it\" data-phrase-index=\"0\" data-number-of-phrases=\"1\">Suppl\u00e9ments<\/span><\/span><\/h2>\n<ul>\n<li>Suppl\u00e9ment chambre front de mer de 10 \u20ac par jour et par chambre<\/li>\n<li>Suppl\u00e9ment chambre en Villa Bice de 10 \u20ac par jour et par chambre<\/li>\n<li>Chambre double \u00e0 usage individuel en suppl\u00e9ment D\u00e9pendance Junior de 15 \u20ac par jour<\/li>\n<li><span class=\"VIiyi\" lang=\"fr\"><span class=\"JLqJ4b ChMk0b\" data-language-for-alternatives=\"fr\" data-language-to-translate-into=\"it\" data-phrase-index=\"0\" data-number-of-phrases=\"1\">Animaux de compagnie de petite et moyenne taille en suppl\u00e9ment de 7 \u20ac par jour<\/span><\/span><\/li>\n<\/ul>\n<h2><span class=\"VIiyi\" lang=\"fr\"><span class=\"JLqJ4b ChMk0b\" data-language-for-alternatives=\"fr\" data-language-to-translate-into=\"it\" data-phrase-index=\"0\" data-number-of-phrases=\"1\">Taxe de s\u00e9jour<\/span><\/span><\/h2>\n<p>\u00c0 partir de 2025, la Commune de Bellaria &#8211; Igea Marina introduira la taxe de s\u00e9jour, qui sera pay\u00e9e en esp\u00e8ces et ne sera donc pas incluse dans le prix total qui vous sera communiqu\u00e9.<\/p>\n<p>TAXE DE S\u00c9JOUR 1,50 \u20ac PAR JOUR MAXIMUM 6 NUITS Les mineurs de moins de 18 ANS sont exempt\u00e9s du calcul<\/p>\n<h2>Check in &amp; check out<\/h2>\n<p><span class=\"VIiyi\" lang=\"fr\"><span class=\"JLqJ4b ChMk0b\" data-language-for-alternatives=\"fr\" data-language-to-translate-into=\"de\" data-phrase-index=\"0\" data-number-of-phrases=\"4\">La chambre est \u00e0 la disposition du client \u00e0 partir de 12:00 h le jour de l&rsquo;arriv\u00e9e et doit \u00eatre lib\u00e9r\u00e9e avant 10:00 h le jour du d\u00e9part.<\/span> <span class=\"JLqJ4b ChMk0b\" data-language-for-alternatives=\"fr\" data-language-to-translate-into=\"de\" data-phrase-index=\"2\" data-number-of-phrases=\"4\">Nous n&rsquo;accordons pas de remise pour la pension si un repas n&rsquo;est pas consomm\u00e9 \u00e0 l&rsquo;h\u00f4tel, un pique-nique peut \u00eatre servi \u00e0 la demande du client.<\/span>\u00a0<\/span><\/p>\n<p><strong>H<span class=\"VIiyi\" lang=\"fr\"><span class=\"JLqJ4b ChMk0b\" data-language-for-alternatives=\"fr\" data-language-to-translate-into=\"it\" data-phrase-index=\"0\" data-number-of-phrases=\"1\">eures de restauration<\/span><\/span> :<\/strong><\/p>\n<p><span class=\"VIiyi\" lang=\"fr\"><span class=\"JLqJ4b ChMk0b\" data-language-for-alternatives=\"fr\" data-language-to-translate-into=\"de\" data-phrase-index=\"0\" data-number-of-phrases=\"5\">Petit d\u00e9jeuner de 07:30 \u00e0 10:00<\/span> <\/span><\/p>\n<p><span class=\"VIiyi\" lang=\"fr\"><span class=\"JLqJ4b ChMk0b\" data-language-for-alternatives=\"fr\" data-language-to-translate-into=\"de\" data-phrase-index=\"2\" data-number-of-phrases=\"5\">D\u00e9jeuner \u00e0 partir de 12:30<\/span> <\/span><\/p>\n<p><span class=\"VIiyi\" lang=\"fr\"><span class=\"JLqJ4b ChMk0b\" data-language-for-alternatives=\"fr\" data-language-to-translate-into=\"de\" data-phrase-index=\"4\" data-number-of-phrases=\"5\">D\u00eener \u00e0 partir de 19:30<\/span><\/span><\/p>\n<h2><span class=\"VIiyi\" lang=\"fr\"><span class=\"JLqJ4b ChMk0b\" data-language-for-alternatives=\"fr\" data-language-to-translate-into=\"de\" data-phrase-index=\"0\" data-number-of-phrases=\"1\">Conditions de r\u00e9servation<\/span><\/span><\/h2>\n<p><span class=\"VIiyi\" lang=\"fr\"><span class=\"JLqJ4b ChMk0b\" data-language-for-alternatives=\"fr\" data-language-to-translate-into=\"de\" data-phrase-index=\"0\" data-number-of-phrases=\"3\">Un d\u00e9p\u00f4t minimum de 300 \u20ac est requis lors de la confirmation de r\u00e9servation.<\/span> En cas d&rsquo;annulation l&rsquo;acompte ne sera pas restitu\u00e9 mais gel\u00e9 ayant la possibilit\u00e9 de le r\u00e9cup\u00e9rer dans la saison en cours. Si la chambre r\u00e9serv\u00e9e n&rsquo;est pas occupee au jour convenu au si le client la quitte avant le date fr\u00e9e, seul le prix de chambre (sans pension) sera compt\u00e9.<br \/>\n<\/span><\/p>\n","protected":false},"excerpt":{"rendered":"<p>L&rsquo;H\u00f4tel Capanni, un h\u00f4tel 3 \u00e9toiles sup\u00e9rieur \u00e0 Bellaria Igea Marina, pour de vraies vacances tout compris ! La pension compl\u00e8te comprend: Petit-d\u00e9jeuner buffet, d\u00e9jeuner et d\u00eener tr\u00e8s raffin\u00e9s avec service \u00e0 table (choix de menu 5 plats), buffet de l\u00e9gumes, accompagnements et salades fra\u00eeches, petits ap\u00e9ritifs, buffet de fruits et d\u00e9licieux desserts. Boissons comprises aux repas sans limitation (eau, vin, soda \u00e0 l&rsquo;orange, limonade, cola ) Notre h\u00f4tel vous &#8230;<\/p>\n","protected":false},"author":1,"featured_media":0,"parent":0,"menu_order":0,"comment_status":"closed","ping_status":"closed","template":"","meta":{"_acf_changed":false},"class_list":["post-531","page","type-page","status-publish","hentry"],"acf":[],"_links":{"self":[{"href":"https:\/\/www.hotelcapanni.com\/fr\/wp-json\/wp\/v2\/pages\/531","targetHints":{"allow":["GET"]}}],"collection":[{"href":"https:\/\/www.hotelcapanni.com\/fr\/wp-json\/wp\/v2\/pages"}],"about":[{"href":"https:\/\/www.hotelcapanni.com\/fr\/wp-json\/wp\/v2\/types\/page"}],"author":[{"embeddable":true,"href":"https:\/\/www.hotelcapanni.com\/fr\/wp-json\/wp\/v2\/users\/1"}],"replies":[{"embeddable":true,"href":"https:\/\/www.hotelcapanni.com\/fr\/wp-json\/wp\/v2\/comments?post=531"}],"version-history":[{"count":0,"href":"https:\/\/www.hotelcapanni.com\/fr\/wp-json\/wp\/v2\/pages\/531\/revisions"}],"wp:attachment":[{"href":"https:\/\/www.hotelcapanni.com\/fr\/wp-json\/wp\/v2\/media?parent=531"}],"curies":[{"name":"wp","href":"https:\/\/api.w.org\/{rel}","templated":true}]}}