{"id":534,"date":"2016-12-23T11:10:32","date_gmt":"2016-12-23T10:10:32","guid":{"rendered":"https:\/\/www.hotelcapanni.com\/offerte\/"},"modified":"2021-04-28T18:49:02","modified_gmt":"2021-04-28T16:49:02","slug":"offres","status":"publish","type":"page","link":"https:\/\/www.hotelcapanni.com\/fr\/offres\/","title":{"rendered":"Offres H\u00f4tel Capanni \u00e0 Bellaria"},"content":{"rendered":"<p>Si vous cherchez un h\u00f4tel pour passer vos<strong> vacances d&rsquo;\u00e9t\u00e9<\/strong> sur la Riviera romagnole <strong>directement sur la mer<\/strong>, avec <strong>piscine, plage priv\u00e9e, parking et services pour enfants<\/strong> qui font de votre s\u00e9jour une r\u00e9ussite, vous l&rsquo;avez trouv\u00e9!<\/p>\n<p>\u00c0 l&rsquo;h\u00f4tel 3 \u00e9toiles Capanni \u00e0 Bellaria, nous vous garantissons tout ce que vous recherchez et en plus nous vous proposons des <strong>offres<\/strong> incontournables, car nous savons \u00e0 quel point il est important <strong>d&rsquo;\u00e9conomiser<\/strong>, surtout lorsque vous organisez <strong>des vacances en famille<\/strong>!<\/p>\n<p>Nous de l\u2019h\u00f4tel Capanni, \u00e0 gestion familiale,, nous avons pens\u00e9 \u00e0<strong> des offres et des packages<\/strong> d\u00e9di\u00e9s \u00e0 vous et aux personnes que vous aimez, pour vous faire vivre avec eux un moment de loisir, de plaisir et de d\u00e9tente, avec un regard sur les <strong>\u00e9conomies<\/strong>, si importantes pour le budget familier.<\/p>\n<p>M\u00eame si la v\u00f4tre est une<strong> famille nombreuse<\/strong>, elle m\u00e9rite certainement des vacances de r\u00eave, alors voici le forfait famille pour vous et vos <strong>3 enfants avec une r\u00e9duction de 50%<\/strong>.<\/p>\n<p><strong>Avec 2 enfants<\/strong>&#8230; Profiter du forfait 2 + 2 = 3? Un de vos enfants s\u00e9journe <strong>gratuitement<\/strong> et vous \u00eates encore plus heureux.<\/p>\n<p><strong>Vous voyagez en couple ou en groupe<\/strong>? Pour nous, c&rsquo;est aussi important pour vos <strong>vacances romantiques<\/strong> ou <strong>entre amis<\/strong>, nous avons donc pens\u00e9 \u00e0 des offres pour les rendre encore plus sp\u00e9ciales.<\/p>\n<p>Nos offres en <strong>pension compl\u00e8te ou tout compris comprennent<\/strong>:<\/p>\n<ul>\n<li>parasol et chaise longue sur la plage priv\u00e9e de l&rsquo;h\u00f4tel<\/li>\n<li>Boissons aux repas<\/li>\n<li>Climatisation<\/li>\n<li>Piscine et solarium avec chaises longues et parasols<\/li>\n<li>Jacuzzi<\/li>\n<li>Wi-fi dans la chambre<\/li>\n<li>Parking priv\u00e9<\/li>\n<li>V\u00e9los \u00e0 disposition<\/li>\n<\/ul>\n<p>Trouvez l&rsquo;offre qui correspond le mieux \u00e0 vos besoins ou \u00e0 votre p\u00e9riode de vacances et venez \u00e0 l&rsquo;H\u00f4tel Capanni de Bellaria pour vivre des<strong> vacances \u00e0 la plage<\/strong>, que ce soit en famille, en couple ou entre amis, vraiment inoubliables et certainement <strong>avantageuses<\/strong>! D\u00e9couvrez \u00e9galement ce que nous faisons pour <a href=\"https:\/\/www.hotelcapanni.com\/fr\/vacance-en-securite-ete\/\" target=\"_blank\" rel=\"noopener\">s\u00e9curiser vos vacances<\/a> en respectant toutes les r\u00e9glementations en vigueur.<\/p>\n<p>&nbsp;<\/p>\n","protected":false},"excerpt":{"rendered":"<p>Si vous cherchez un h\u00f4tel pour passer vos vacances d&rsquo;\u00e9t\u00e9 sur la Riviera romagnole directement sur la mer, avec piscine, plage priv\u00e9e, parking et services pour enfants qui font de votre s\u00e9jour une r\u00e9ussite, vous l&rsquo;avez trouv\u00e9! \u00c0 l&rsquo;h\u00f4tel 3 \u00e9toiles Capanni \u00e0 Bellaria, nous vous garantissons tout ce que vous recherchez et en plus nous vous proposons des offres incontournables, car nous savons \u00e0 quel point il est important &#8230;<\/p>\n","protected":false},"author":1,"featured_media":0,"parent":0,"menu_order":0,"comment_status":"closed","ping_status":"closed","template":"template\/template.offerte.php","meta":{"_acf_changed":false},"class_list":["post-534","page","type-page","status-publish","hentry"],"acf":[],"_links":{"self":[{"href":"https:\/\/www.hotelcapanni.com\/fr\/wp-json\/wp\/v2\/pages\/534","targetHints":{"allow":["GET"]}}],"collection":[{"href":"https:\/\/www.hotelcapanni.com\/fr\/wp-json\/wp\/v2\/pages"}],"about":[{"href":"https:\/\/www.hotelcapanni.com\/fr\/wp-json\/wp\/v2\/types\/page"}],"author":[{"embeddable":true,"href":"https:\/\/www.hotelcapanni.com\/fr\/wp-json\/wp\/v2\/users\/1"}],"replies":[{"embeddable":true,"href":"https:\/\/www.hotelcapanni.com\/fr\/wp-json\/wp\/v2\/comments?post=534"}],"version-history":[{"count":0,"href":"https:\/\/www.hotelcapanni.com\/fr\/wp-json\/wp\/v2\/pages\/534\/revisions"}],"wp:attachment":[{"href":"https:\/\/www.hotelcapanni.com\/fr\/wp-json\/wp\/v2\/media?parent=534"}],"curies":[{"name":"wp","href":"https:\/\/api.w.org\/{rel}","templated":true}]}}