{"id":546,"date":"2017-09-15T16:02:24","date_gmt":"2017-09-15T14:02:24","guid":{"rendered":"https:\/\/www.hotelcapanni.com\/dove-siamo\/"},"modified":"2021-05-14T19:08:10","modified_gmt":"2021-05-14T17:08:10","slug":"ou-nous-sommes","status":"publish","type":"page","link":"https:\/\/www.hotelcapanni.com\/fr\/ou-nous-sommes\/","title":{"rendered":"Position"},"content":{"rendered":"<p>L&rsquo;<strong>emplacement<\/strong> de l&rsquo;<strong>h\u00f4tel Capanni<\/strong> est sans aucun doute<strong> id\u00e9al<\/strong> pour passer des vacances reposantes: <strong>face \u00e0 la mer<\/strong> avec acc\u00e8s direct \u00e0 la <strong>plage priv\u00e9e<\/strong> et dans un <strong>quartier calme<\/strong> de Bellaria.<\/p>\n<p>Si, lors de vos vacances, vous aimez la randonn\u00e9e dans la r\u00e9gion, vous \u00eates ici, dans un endroit parfait pour d\u00e9couvrir notre belle terre.<\/p>\n<h3><img loading=\"lazy\" decoding=\"async\" class=\"alignnone size-full wp-image-478\" src=\"https:\/\/www.hotelcapanni.com\/wp-content\/uploads\/2021\/05\/mappa-statica-it.jpg\" alt=\"\" width=\"1640\" height=\"800\" data-big-size=\"1640x800\" \/><\/h3>\n<h3>HOTEL CAPANNI<\/h3>\n<ul>\n<li>Viale Italia 20, 47814 Bellaria, Rimini, Italia<\/li>\n<li>t. (+39) 0541 346114<\/li>\n<li>f. (+39) 0541 346641<\/li>\n<li>e. info@hotelcapanni.com<\/li>\n<\/ul>\n<h3>En voiture:<\/h3>\n<ul>\n<li>Autoroute A14, sortie Rimini-nord<\/li>\n<li>S.S.16 Adriatica sortie Bellaria o<\/li>\n<li>Autoroute A14, sortie Valle del Rubicone<\/li>\n<\/ul>\n<h3>Avec le train:<\/h3>\n<ul>\n<li>Gare de Bellaria<\/li>\n<\/ul>\n<h2>A voir<\/h2>\n<p>L&rsquo;H\u00f4tel Capanni \u00e0 Bellaria se situe au c\u0153ur de la <strong>Riviera romagnole<\/strong>, en seulement <strong>30 minutes<\/strong>, vous pouvez<br \/>\nrejoindre <strong>Rimini<\/strong> en voiture et vous pouvez faire un tour de la ville la plus c\u00e9l\u00e8bre de l&rsquo;Adriatique \u00e0 travers le<br \/>\ntemps. Les <strong>t\u00e9moignages romains<\/strong> du pont de Tib\u00e8re, de l&rsquo;arc d&rsquo;Auguste et de la maison du chirurgien; les traces de<br \/>\nla magnificence de<strong> Sigismondo Pandolfo Malatesta<\/strong> au Temple Malatesta comme au Castel Sismondo; la<br \/>\nsplendeur du th\u00e9\u00e2tre Galli restaur\u00e9 et de tout le centre historique; Les visions oniriques de <strong>Federico Fellini<\/strong> sur les<br \/>\nmurs des maisons pittoresques de Borgo San Giuliano: Rimini a vraiment tant \u00e0 admirer.<\/p>\n<p>En direction du nord, en revanche, vous ne pouvez pas manquer l&rsquo;occasion de visiter <strong>Cesenatico<\/strong> et son port canal<br \/>\nLeonardesco, \u00e0 seulement <strong>20 minutes<\/strong> de l&rsquo;h\u00f4tel Capanni, o\u00f9 se d\u00e9tachent les voiles color\u00e9es des anciens bateaux<br \/>\ndu Mus\u00e9e maritime.<\/p>\n<p>En continuant pendant encore <strong>20 minutes<\/strong> en voiture, vous pouvez \u00e9galement emmener les enfants visiter les<br \/>\n<strong>marais salants de Cervia<\/strong>, o\u00f9 ils peuvent d\u00e9couvrir non seulement l&rsquo;art ancien de l&rsquo;extraction du sel, mais aussi la<br \/>\nfaune qui a trouv\u00e9 refuge, attention et de respecter la faune.<\/p>\n<p>De belles villes sur la c\u00f4te romagnole, non?! Nous vous recommandons vraiment d&rsquo;en visiter au moins une, mais<br \/>\nsans aucun doute les nombreux <strong>villages m\u00e9di\u00e9vaux<\/strong> de l&rsquo;<strong>arri\u00e8re-pays romagnole<\/strong> sont tout aussi fascinants, o\u00f9 il y a toujours un ch\u00e2teau ou une forteresse \u00e0 visiter.<\/p>\n<p><strong>Santarcangelo<\/strong>, avec ses boutiques d&rsquo;art et ses grottes \u00e0 visiter comme une ville souterraine; <strong>Verucchio<\/strong> avec son<br \/>\nimposante forteresse qui domine toute la vall\u00e9e jusqu&rsquo;\u00e0 la mer; San Leo et l&rsquo;\u00e9peron rocheux spectaculaire sur<br \/>\nlequel le village a \u00e9t\u00e9 construit, ainsi que le fort imprenable o\u00f9 le comte de Cagliostro a \u00e9t\u00e9 prisonnier et est mort<br \/>\n&#8230; Ce ne sont l\u00e0 que quelques-uns des beaux endroits que vous pouvez visiter lors d&rsquo;un voyage dans la belle<br \/>\nV<strong>almarecchia<\/strong>.<\/p>\n<p>Les lieux d\u00e9di\u00e9s au divertissement pur, pur et spectaculaire ne manquent certainement pas. Nous ne vous donnons<br \/>\nque le temps de <strong>parcourir des distances<\/strong>, car nous sommes s\u00fbrs que beaucoup de ces <strong>parcs d&rsquo;attractions<\/strong> vous les connaissaient bien, vous ou vos enfants:<\/p>\n<ul>\n<li><strong>Parc aquatique Atlantica<\/strong> \u00e0 Cesenatico, \u00e0 seulement 13 minutes;<\/li>\n<li><strong>Italia in Miniatura<\/strong>, parc \u00e0 th\u00e8me \u00e0 Rimini, 16 minutes;<\/li>\n<li><strong>Mirabilandia et Mirabeach<\/strong>, parc d&rsquo;attractions et parc aquatique \u00e0 Ravenne, 27 minutes;<\/li>\n<li><strong>Parc aquatique Aquafan<\/strong> et parc <strong>Oltremare<\/strong> pour animations et spectacles \u00e0 Riccione, 29 minutes;<\/li>\n<li><strong>BoaBay,<\/strong> un parc aquatique en bord de mer \u00e0 Rimini, \u00e0 30 minutes;<\/li>\n<li><strong>Fiabilandia<\/strong>, parc d&rsquo;attractions pour enfants \u00e0 Rimini, 31 minutes;<\/li>\n<li><strong>San Marino Aventure<\/strong>, parc aventure parmi les arbres \u00e0 Saint-Marin, \u00e0 44 minutes;<\/li>\n<li>\u00a0<strong>Skypark<\/strong>, parc aventure \u00e0 Perticara de Rimini \u00e0 62 minutes.<\/li>\n<\/ul>\n<p>Ce ne sont l\u00e0 que quelques-uns des principaux parcs d&rsquo;attractions de la <strong>Riviera romagnole<\/strong>, mais il y a vraiment beaucoup plus pour s&rsquo;amuser &#8230;<\/p>\n<p>Venez le d\u00e9couvrir lors de vacances o\u00f9 d\u00e9tente et divertissement sont une combinaison possible, bien s\u00fbr!<\/p>\n<p><strong>Nous vous attendons \u00e0 l&rsquo;h\u00f4tel Capanni on the sea \u00e0 Bellaria!<\/strong><\/p>\n","protected":false},"excerpt":{"rendered":"<p>L&rsquo;emplacement de l&rsquo;h\u00f4tel Capanni est sans aucun doute id\u00e9al pour passer des vacances reposantes: face \u00e0 la mer avec acc\u00e8s direct \u00e0 la plage priv\u00e9e et dans un quartier calme de Bellaria. Si, lors de vos vacances, vous aimez la randonn\u00e9e dans la r\u00e9gion, vous \u00eates ici, dans un endroit parfait pour d\u00e9couvrir notre belle terre. HOTEL CAPANNI Viale Italia 20, 47814 Bellaria, Rimini, Italia t. (+39) 0541 346114 f. &#8230;<\/p>\n","protected":false},"author":1,"featured_media":0,"parent":0,"menu_order":0,"comment_status":"closed","ping_status":"closed","template":"","meta":{"_acf_changed":false},"class_list":["post-546","page","type-page","status-publish","hentry"],"acf":[],"_links":{"self":[{"href":"https:\/\/www.hotelcapanni.com\/fr\/wp-json\/wp\/v2\/pages\/546","targetHints":{"allow":["GET"]}}],"collection":[{"href":"https:\/\/www.hotelcapanni.com\/fr\/wp-json\/wp\/v2\/pages"}],"about":[{"href":"https:\/\/www.hotelcapanni.com\/fr\/wp-json\/wp\/v2\/types\/page"}],"author":[{"embeddable":true,"href":"https:\/\/www.hotelcapanni.com\/fr\/wp-json\/wp\/v2\/users\/1"}],"replies":[{"embeddable":true,"href":"https:\/\/www.hotelcapanni.com\/fr\/wp-json\/wp\/v2\/comments?post=546"}],"version-history":[{"count":0,"href":"https:\/\/www.hotelcapanni.com\/fr\/wp-json\/wp\/v2\/pages\/546\/revisions"}],"wp:attachment":[{"href":"https:\/\/www.hotelcapanni.com\/fr\/wp-json\/wp\/v2\/media?parent=546"}],"curies":[{"name":"wp","href":"https:\/\/api.w.org\/{rel}","templated":true}]}}