{"id":565,"date":"2020-05-26T11:11:38","date_gmt":"2020-05-26T09:11:38","guid":{"rendered":"https:\/\/www.hotelcapanni.com\/servizi-per-bambini\/"},"modified":"2021-04-27T15:57:47","modified_gmt":"2021-04-27T13:57:47","slug":"ervices-pour-enfants","status":"publish","type":"page","link":"https:\/\/www.hotelcapanni.com\/fr\/ervices-pour-enfants\/","title":{"rendered":"Services pour les enfants"},"content":{"rendered":"<p>A l\u2019h\u00f4tel Capanni,<strong> h\u00f4tel 3 \u00e9toiles \u00e0 Bellaria<\/strong>, vos <strong>vacances en famille au bord de la mer<\/strong> sont vraiment sp\u00e9ciales!<\/p>\n<p>Nous sommes une famille et nous savons \u00e0 quel point il est important de <strong>vous faire vous sentir bien<\/strong>, comme \u00e0 la<br \/>\nmaison mais sans aucun souci, c&rsquo;est pourquoi nous nous effor\u00e7ons chaque jour de vous faire vivre des moments<br \/>\nuniques avec ceux que vous aimez le plus.<\/p>\n<p>Ici, les enfants sont vraiment les invit\u00e9s d&rsquo;honneur, c&rsquo;est pourquoi nous leur d\u00e9dions de nombreux services sur<br \/>\nmesure, sans n\u00e9gliger maman et papa, car tout le monde dans une famille m\u00e9rite de vivre un s<strong>\u00e9jour confortable et<\/strong><br \/>\n<strong>insouciant.<\/strong><\/p>\n<p><strong>Pour vos enfants, vous trouverez:<\/strong><\/p>\n<ul>\n<li>lit b\u00e9b\u00e9, barres de s\u00e9curit\u00e9 et veilleuses <strong>dans la chambre<\/strong>, pour assurer un repos paisible aux enfants<br \/>\ncomme aux adultes;<\/li>\n<li>chaise haute et nourriture pour b\u00e9b\u00e9<strong> dans le restaurant<\/strong>, et notre personnel de cuisine vous propose des<br \/>\nmenus b\u00e9b\u00e9 savoureux et \u00e9quilibr\u00e9s capables de satisfaire les petits palais, sans n\u00e9gliger la bonne nutrition<br \/>\nde vos enfants, comme \u00e0 la maison;<\/li>\n<li>v\u00e9los avec si\u00e8ge enfant <strong>\u00e0 l&rsquo;h\u00f4tel<\/strong>, pour des promenades \u00e0 la d\u00e9couverte de Bellaria et de ses environs \u00e0<br \/>\nvivre ensemble;<\/li>\n<li><strong>salle de<\/strong> <strong>jeux r\u00e9cr\u00e9ative \u00e0 l&rsquo;int\u00e9rieur de l&rsquo;h\u00f4tel<\/strong>, avec tapis et jeux moelleux pour les plus petits et baby-foot<br \/>\npour les plus grands et les plus grands, pour des moments d&rsquo;insouciance \u00e0 passer ensemble lorsque le<br \/>\ntemps est incertain.<\/li>\n<\/ul>\n<p>Mais il y a bien plus encore &#8230;! Par exemple, le \u00ab<strong>Plan sp\u00e9cial famille 2 + 2 = 3<\/strong>\u00bb avec lequel un enfant jusqu&rsquo;\u00e0 14<br \/>\nans s\u00e9journe gratuitement en chambre quadruple. Nous savons que l&rsquo;\u00e9conomie d\u2019argent est \u00e9galement importante<br \/>\nlorsque vous partez en vacances avec des enfants.<\/p>\n<p>Besoin d&rsquo;autre chose?! Vous nous <a href=\"https:\/\/www.hotelcapanni.com\/fr\/demande-de-devis\" target=\"_blank\" rel=\"noopener\">contactez<\/a> pour nous expliquer vos besoins et nous les satisferons pour rendre<br \/>\n<strong>vos vacances en famille<\/strong> vraiment parfaites et inoubliables.<\/p>\n","protected":false},"excerpt":{"rendered":"<p>A l\u2019h\u00f4tel Capanni, h\u00f4tel 3 \u00e9toiles \u00e0 Bellaria, vos vacances en famille au bord de la mer sont vraiment sp\u00e9ciales! Nous sommes une famille et nous savons \u00e0 quel point il est important de vous faire vous sentir bien, comme \u00e0 la maison mais sans aucun souci, c&rsquo;est pourquoi nous nous effor\u00e7ons chaque jour de vous faire vivre des moments uniques avec ceux que vous aimez le plus. Ici, les &#8230;<\/p>\n","protected":false},"author":1,"featured_media":543,"parent":0,"menu_order":0,"comment_status":"closed","ping_status":"closed","template":"","meta":{"_acf_changed":false},"class_list":["post-565","page","type-page","status-publish","has-post-thumbnail","hentry"],"acf":[],"_links":{"self":[{"href":"https:\/\/www.hotelcapanni.com\/fr\/wp-json\/wp\/v2\/pages\/565","targetHints":{"allow":["GET"]}}],"collection":[{"href":"https:\/\/www.hotelcapanni.com\/fr\/wp-json\/wp\/v2\/pages"}],"about":[{"href":"https:\/\/www.hotelcapanni.com\/fr\/wp-json\/wp\/v2\/types\/page"}],"author":[{"embeddable":true,"href":"https:\/\/www.hotelcapanni.com\/fr\/wp-json\/wp\/v2\/users\/1"}],"replies":[{"embeddable":true,"href":"https:\/\/www.hotelcapanni.com\/fr\/wp-json\/wp\/v2\/comments?post=565"}],"version-history":[{"count":0,"href":"https:\/\/www.hotelcapanni.com\/fr\/wp-json\/wp\/v2\/pages\/565\/revisions"}],"wp:featuredmedia":[{"embeddable":true,"href":"https:\/\/www.hotelcapanni.com\/fr\/wp-json\/wp\/v2\/media\/543"}],"wp:attachment":[{"href":"https:\/\/www.hotelcapanni.com\/fr\/wp-json\/wp\/v2\/media?parent=565"}],"curies":[{"name":"wp","href":"https:\/\/api.w.org\/{rel}","templated":true}]}}